{"id":2371,"date":"2025-02-02T13:48:26","date_gmt":"2025-02-02T13:48:26","guid":{"rendered":"https:\/\/globelt.org\/?page_id=2371"},"modified":"2025-02-02T13:49:06","modified_gmt":"2025-02-02T13:49:06","slug":"organizing-commitee-2024","status":"publish","type":"page","link":"https:\/\/globelt.org\/index.php\/organizing-commitee-2024\/","title":{"rendered":"Organizing Commitee 2024"},"content":{"rendered":"\n<div class=\"wp-block-group\"><div class=\"wp-block-group__inner-container is-layout-constrained wp-block-group-is-layout-constrained\">\n<div class=\"wp-block-columns is-layout-flex wp-container-core-columns-is-layout-2 wp-block-columns-is-layout-flex\">\n<div class=\"wp-block-column is-layout-flow wp-block-column-is-layout-flow\" style=\"flex-basis:100%\">\n<div class=\"wp-block-group\"><div class=\"wp-block-group__inner-container is-layout-constrained wp-block-group-is-layout-constrained\">\n<div class=\"wp-block-group\"><div class=\"wp-block-group__inner-container is-layout-constrained wp-block-group-is-layout-constrained\">\n<div class=\"wp-block-columns is-layout-flex wp-container-core-columns-is-layout-1 wp-block-columns-is-layout-flex\">\n<div class=\"wp-block-column is-layout-flow wp-block-column-is-layout-flow\" style=\"flex-basis:100%\">\n<div class=\"wp-block-group\"><div class=\"wp-block-group__inner-container is-layout-constrained wp-block-group-is-layout-constrained\">\n<div class=\"wp-block-group\"><div class=\"wp-block-group__inner-container is-layout-constrained wp-block-group-is-layout-constrained\">\n<figure class=\"wp-block-table is-style-stripes\"><table><tbody><tr><td colspan=\"2\"><strong>President<\/strong><\/td><td><\/td><\/tr><tr><td>\u0130smail Hakk\u0131 Mirici<\/td><td><\/td><td>Hacettepe University, Turkey<\/td><\/tr><tr><td colspan=\"2\"><strong>Publication Committee<\/strong><\/td><td><\/td><\/tr><tr><td>Ceyhun Karab\u0131y\u0131k<\/td><td><\/td><td>Ufuk University, Turkey<\/td><\/tr><tr><td>\u0130smail F\u0131rat Altay<\/td><td><\/td><td>Hacettepe University, Turkey<\/td><\/tr><tr><td>Hatice Erg\u00fcl<\/td><td><\/td><td>Hacettepe University, Turkey<\/td><\/tr><tr><td><strong>Academic Representatives<\/strong><\/td><td><\/td><\/tr><tr><td>Muhammet Tasa<\/td><td><\/td><td>Necmettin Erbakan University, Turkey<\/td><\/tr><tr><td>\u015eeyda Sar\u0131 Y\u0131ld\u0131r\u0131m<\/td><td><\/td><td>Necmettin Erbakan University, Turkey<\/td><\/tr><tr><td colspan=\"2\"><strong>Organization Secretariat<\/strong><\/td><td><\/td><\/tr><tr><td>Berna Ataberk<\/td><td><\/td><td>Hacettepe University, Turkey<\/td><\/tr><tr><td>Nur\u015fah Ata\u015f<\/td><td><\/td><td>Hacettepe University, Turkey<\/td><\/tr><tr><td>Ilgin Mirici<\/td><td><\/td><td>Bilkent University, Turkey<\/td><\/tr><tr><td colspan=\"2\"><strong>Scientific Committee<\/strong><\/td><td><\/td><\/tr><tr><td>Aleksandra Wach<\/td><td><\/td><td>Adam Mickiewicz University, Poland<\/td><\/tr><tr><td>Anna Matysiak<\/td><td><\/td><td>Adam Mickiewicz University, Poland<\/td><\/tr><tr><td>Arif Saricoban<\/td><td><\/td><td>Selcuk University, Turkey<\/td><\/tr><tr><td>Ay\u015fe Arslan \u00c7avu\u015fo\u011flu<\/td><td><\/td><td>Necmettin Erbakan University, Turkey<\/td><\/tr><tr><td>Beng\u00fc Aksu Ata\u00e7<\/td><td><\/td><td>Nev\u015fehir Haci Bekta\u015f Veli University, Turkey<\/td><\/tr><tr><td>Chi Cheung Ruby YANG<\/td><td><\/td><td>The Hong Kong Institute of Education, Hong Kong<\/td><\/tr><tr><td>Chris Jenks<\/td><td><\/td><td>Aalborg University, Denmark<\/td><\/tr><tr><td>Clarence O. Odey<\/td><td><\/td><td>University of Calabar, Nigeria<\/td><\/tr><tr><td>Dagmar El-Hmoudov\u00e1<\/td><td><\/td><td>University of Hradec Kralove, Czech Republic<\/td><\/tr><tr><td>Enrica Piccardo<\/td><td><\/td><td>University of Toronto, Canada<\/td><\/tr><tr><td>Filomena Capucho<\/td><td><\/td><td>The Portuguese Catholic University, Portugal<\/td><\/tr><tr><td>Galip Kartal<\/td><td><\/td><td>Necmettin Erbakan University, Turkey<\/td><\/tr><tr><td>Gholam Hassan Khajavy<\/td><td><\/td><td>Ferdowsi University of Mashhad, Islamic Republic of Iran<\/td><\/tr><tr><td>Habibullah Pathan<\/td><td><\/td><td>Mehran University, Pakistan<\/td><\/tr><tr><td>Hacer Hande Uysal<\/td><td><\/td><td>Hacettepe University, Turkey<\/td><\/tr><tr><td>Ilze Ivanova<\/td><td><\/td><td>University of Latvia, Latvia<\/td><\/tr><tr><td>Irena Vodopija-Krstanovic<\/td><td><\/td><td>University of Rijeka, Croatia<\/td><\/tr><tr><td>Iveta Kovalcikova<\/td><td><\/td><td>Presov University, Slovak Republic<\/td><\/tr><tr><td>Jessica Kimmel<\/td><td><\/td><td>San Antonio University, USA<\/td><\/tr><tr><td>Jonathan Chitiyo<\/td><td><\/td><td>University of Pittsburgh, USA<\/td><\/tr><tr><td>J\u00f3zsef Horv\u00e1th<\/td><td><\/td><td>University of P\u00e9cs, Hungary<\/td><\/tr><tr><td>Ljilljana Markovic<\/td><td><\/td><td>University of Belgrade, Serbia<\/td><\/tr><tr><td>Mehmet Demirezen<\/td><td><\/td><td>Cappadocia University, Turkey<\/td><\/tr><tr><td>Mehmet Dik<\/td><td><\/td><td>Rockford University, USA<\/td><\/tr><tr><td>Michael Kelly<\/td><td><\/td><td>Southamton University, UK<\/td><\/tr><tr><td>Michael Owusu Tabiri<\/td><td><\/td><td>Ghana Communication Technology University, Ghana <\/td><\/tr><tr><td>Muhammet Tasa<\/td><td><\/td><td>Necmettin Erbakan University, Turkey<\/td><\/tr><tr><td>Noorjehan N. Ganihar<\/td><td><\/td><td>Kartanak University, India<\/td><\/tr><tr><td>Philip Glover<\/td><td><\/td><td>S\u00fcleyman Demirel University, Turkey<\/td><\/tr><tr><td>Saadet Korucu K\u0131\u015f<\/td><td><\/td><td>Necmettin Erbakan University, Turkey<\/td><\/tr><tr><td>Sinan \u00c7ak\u0131r<\/td><td><\/td><td>Necmettin Erbakan University, Turkey<\/td><\/tr><\/tbody><\/table><\/figure>\n<\/div><\/div>\n\n\n\n<p><\/p>\n\n\n\n<p><\/p>\n\n\n\n<p><\/p>\n\n\n\n<p><\/p>\n\n\n\n<p><\/p>\n<\/div><\/div>\n<\/div>\n<\/div>\n<\/div><\/div>\n<\/div><\/div>\n<\/div>\n<\/div>\n<\/div><\/div>\n","protected":false},"excerpt":{"rendered":"<p>President \u0130smail Hakk\u0131 Mirici Hacettepe University, Turkey Publication Committee Ceyhun Karab\u0131y\u0131k Ufuk University, Turkey \u0130smail F\u0131rat Altay Hacettepe University, Turkey Hatice Erg\u00fcl Hacettepe University, Turkey Academic Representatives Muhammet Tasa Necmettin Erbakan University, Turkey \u015eeyda Sar\u0131 Y\u0131ld\u0131r\u0131m Necmettin Erbakan University, Turkey Organization Secretariat Berna Ataberk Hacettepe University, Turkey Nur\u015fah Ata\u015f Hacettepe University, Turkey Ilgin Mirici Bilkent [&hellip;]<\/p>\n","protected":false},"author":1,"featured_media":0,"parent":0,"menu_order":0,"comment_status":"closed","ping_status":"closed","template":"","meta":{"footnotes":""},"aioseo_notices":[],"_links":{"self":[{"href":"https:\/\/globelt.org\/index.php\/wp-json\/wp\/v2\/pages\/2371"}],"collection":[{"href":"https:\/\/globelt.org\/index.php\/wp-json\/wp\/v2\/pages"}],"about":[{"href":"https:\/\/globelt.org\/index.php\/wp-json\/wp\/v2\/types\/page"}],"author":[{"embeddable":true,"href":"https:\/\/globelt.org\/index.php\/wp-json\/wp\/v2\/users\/1"}],"replies":[{"embeddable":true,"href":"https:\/\/globelt.org\/index.php\/wp-json\/wp\/v2\/comments?post=2371"}],"version-history":[{"count":2,"href":"https:\/\/globelt.org\/index.php\/wp-json\/wp\/v2\/pages\/2371\/revisions"}],"predecessor-version":[{"id":2383,"href":"https:\/\/globelt.org\/index.php\/wp-json\/wp\/v2\/pages\/2371\/revisions\/2383"}],"wp:attachment":[{"href":"https:\/\/globelt.org\/index.php\/wp-json\/wp\/v2\/media?parent=2371"}],"curies":[{"name":"wp","href":"https:\/\/api.w.org\/{rel}","templated":true}]}}