{"id":8,"date":"2024-06-10T17:43:50","date_gmt":"2024-06-10T17:43:50","guid":{"rendered":"https:\/\/globelt.org\/?page_id=8"},"modified":"2026-04-08T06:19:14","modified_gmt":"2026-04-08T06:19:14","slug":"organizing-commitee","status":"publish","type":"page","link":"https:\/\/globelt.org\/index.php\/organizing-commitee\/","title":{"rendered":"Organizing Committee"},"content":{"rendered":"\n<div class=\"wp-block-group\"><div class=\"wp-block-group__inner-container is-layout-constrained wp-block-group-is-layout-constrained\">\n<div class=\"wp-block-columns is-layout-flex wp-container-core-columns-is-layout-2 wp-block-columns-is-layout-flex\">\n<div class=\"wp-block-column is-layout-flow wp-block-column-is-layout-flow\" style=\"flex-basis:100%\">\n<div class=\"wp-block-group\"><div class=\"wp-block-group__inner-container is-layout-constrained wp-block-group-is-layout-constrained\">\n<div class=\"wp-block-group\"><div class=\"wp-block-group__inner-container is-layout-constrained wp-block-group-is-layout-constrained\">\n<div class=\"wp-block-columns is-layout-flex wp-container-core-columns-is-layout-1 wp-block-columns-is-layout-flex\">\n<div class=\"wp-block-column is-layout-flow wp-block-column-is-layout-flow\" style=\"flex-basis:100%\">\n<div class=\"wp-block-group\"><div class=\"wp-block-group__inner-container is-layout-constrained wp-block-group-is-layout-constrained\">\n<div class=\"wp-block-group\"><div class=\"wp-block-group__inner-container is-layout-constrained wp-block-group-is-layout-constrained\">\n<figure class=\"wp-block-table is-style-stripes\"><table><tbody><tr><td colspan=\"2\"><strong>Honorary<\/strong> <strong>President<\/strong><\/td><td><\/td><\/tr><tr><td>G\u00fcner Konedral\u0131<\/td><td>Rector of Atat\u00fcrk Teachers&#8217; Training Academy, TRNC<\/td><td><\/td><\/tr><tr><td><strong>President<\/strong><\/td><td><\/td><\/tr><tr><td>\u0130smail Hakk\u0131 Mirici<\/td><td>Hacettepe University, Turkey<\/td><\/tr><tr><td colspan=\"2\"><strong>Organization Secretariat<\/strong><\/td><td><\/td><\/tr><tr><td>Berna Ataberk<\/td><td>Hacettepe University, Turkey<\/td><td><\/td><\/tr><tr><td>Nur\u015fah Ata\u015f<\/td><td>Hacettepe University, Turkey<\/td><td><\/td><\/tr><tr><td>Ilgin Mirici<\/td><td>Bilkent University, Turkey<\/td><td><\/td><\/tr><tr><td colspan=\"2\"><strong>Scientific Committee<\/strong><\/td><td><\/td><\/tr><tr><td>Aleksandra Wach<\/td><td>Adam Mickiewicz University, Poland<\/td><td><\/td><\/tr><tr><td>Aygil Ta\u015f<\/td><td>Atat\u00fcrk Teachers&#8217; Training Academy, TRNC<\/td><\/tr><tr><td>Beng\u00fc Aksu Ata\u00e7<\/td><td>Nev\u015fehir Haci Bekta\u015f Veli University, Turkey<\/td><td><\/td><\/tr><tr><td>Chi Cheung Ruby Yang<\/td><td>The Hong Kong Institute of Education, Hong Kong<\/td><td><\/td><\/tr><tr><td>Chris Jenks<\/td><td>Aalborg University, Denmark<\/td><td><\/td><\/tr><tr><td>Clarence O. Odey<\/td><td>University of Calabar, Nigeria<\/td><td><\/td><\/tr><tr><td>\u00c7ise \u00c7avu\u015fo\u011flu<\/td><td>Atat\u00fcrk Teachers&#8217; Training Academy, TRNC<\/td><\/tr><tr><td>Dagmar El-Hmoudov\u00e1<\/td><td>University of Hradec Kralove, Czech Republic<\/td><td><\/td><\/tr><tr><td>Enrica Piccardo<\/td><td>University of Toronto, Canada<\/td><td><\/td><\/tr><tr><td>Filomena Capucho<\/td><td>The Portuguese Catholic University, Portugal<\/td><td><\/td><\/tr><tr><td>Gholam Hassan Khajavy<\/td><td>Ferdowsi University of Mashhad, Islamic Republic of Iran<\/td><td><\/td><\/tr><tr><td>Habibullah Pathan<\/td><td>Mehran University, Pakistan<\/td><td><\/td><\/tr><tr><td>Halil Ercan<\/td><td>Atat\u00fcrk Teachers&#8217; Training Academy, TRNC<\/td><\/tr><tr><td>Hasan \u00d6zder<\/td><td>Atat\u00fcrk Teachers&#8217; Training Academy, TRNC<\/td><\/tr><tr><td>Ilze Ivanova<\/td><td>University of Latvia, Latvia<\/td><td><\/td><\/tr><tr><td>Irena Vodopija-Krstanovic<\/td><td>University of Rijeka, Croatia<\/td><td><\/td><\/tr><tr><td>Iveta Kovalcikova<\/td><td>Presov University, Slovak Republic<\/td><td><\/td><\/tr><tr><td>Jessica Kimmel<\/td><td>San Antonio University, USA<\/td><td><\/td><\/tr><tr><td>Jonathan Chitiyo<\/td><td>University of Pittsburgh, USA<\/td><td><\/td><\/tr><tr><td>J\u00f3zsef Horv\u00e1th<\/td><td>University of P\u00e9cs, Hungary<\/td><td><\/td><\/tr><tr><td>Ljilljana Markovic<\/td><td>University of Belgrade, Serbia<\/td><td><\/td><\/tr><tr><td>Mehmet Demirezen<\/td><td>Cappadocia University, Turkey<\/td><td><\/td><\/tr><tr><td>Mehmet Dik<\/td><td>Rockford University, USA<\/td><td><\/td><\/tr><tr><td>Michael Kelly<\/td><td>Southamton University, UK<\/td><td><\/td><\/tr><tr><td>Michael Owusu Tabiri<\/td><td>Ghana Communication Technology University, Ghana<\/td><td><\/td><\/tr><tr><td>Noorjehan N. Ganihar<\/td><td>Kartanak University, India<\/td><td><\/td><\/tr><tr><td>Philip Glover<\/td><td>S\u00fcleyman Demirel University, Turkey<\/td><td><\/td><\/tr><tr><td>Umut Albayrak<\/td><td>Atat\u00fcrk Teachers&#8217; Training Academy, TRNC<\/td><\/tr><\/tbody><\/table><\/figure>\n<\/div><\/div>\n\n\n\n<p><\/p>\n\n\n\n<p><\/p>\n\n\n\n<p><\/p>\n\n\n\n<p><\/p>\n\n\n\n<p><\/p>\n<\/div><\/div>\n<\/div>\n<\/div>\n<\/div><\/div>\n<\/div><\/div>\n<\/div>\n<\/div>\n<\/div><\/div>\n","protected":false},"excerpt":{"rendered":"<p>Honorary President G\u00fcner Konedral\u0131 Rector of Atat\u00fcrk Teachers&#8217; Training Academy, TRNC President \u0130smail Hakk\u0131 Mirici Hacettepe University, Turkey Organization Secretariat Berna Ataberk Hacettepe University, Turkey Nur\u015fah Ata\u015f Hacettepe University, Turkey Ilgin Mirici Bilkent University, Turkey Scientific Committee Aleksandra Wach Adam Mickiewicz University, Poland Aygil Ta\u015f Atat\u00fcrk Teachers&#8217; Training Academy, TRNC Beng\u00fc Aksu Ata\u00e7 Nev\u015fehir Haci [&hellip;]<\/p>\n","protected":false},"author":1,"featured_media":0,"parent":0,"menu_order":0,"comment_status":"closed","ping_status":"closed","template":"","meta":{"footnotes":""},"aioseo_notices":[],"_links":{"self":[{"href":"https:\/\/globelt.org\/index.php\/wp-json\/wp\/v2\/pages\/8"}],"collection":[{"href":"https:\/\/globelt.org\/index.php\/wp-json\/wp\/v2\/pages"}],"about":[{"href":"https:\/\/globelt.org\/index.php\/wp-json\/wp\/v2\/types\/page"}],"author":[{"embeddable":true,"href":"https:\/\/globelt.org\/index.php\/wp-json\/wp\/v2\/users\/1"}],"replies":[{"embeddable":true,"href":"https:\/\/globelt.org\/index.php\/wp-json\/wp\/v2\/comments?post=8"}],"version-history":[{"count":33,"href":"https:\/\/globelt.org\/index.php\/wp-json\/wp\/v2\/pages\/8\/revisions"}],"predecessor-version":[{"id":2800,"href":"https:\/\/globelt.org\/index.php\/wp-json\/wp\/v2\/pages\/8\/revisions\/2800"}],"wp:attachment":[{"href":"https:\/\/globelt.org\/index.php\/wp-json\/wp\/v2\/media?parent=8"}],"curies":[{"name":"wp","href":"https:\/\/api.w.org\/{rel}","templated":true}]}}